{"id":20,"date":"2019-09-11T20:33:34","date_gmt":"2019-09-11T20:33:34","guid":{"rendered":"https:\/\/bethscleaningservice.com\/?page_id=20"},"modified":"2019-10-07T18:55:05","modified_gmt":"2019-10-07T18:55:05","slug":"faqs","status":"publish","type":"page","link":"https:\/\/bethscleaningservice.com\/es\/faqs\/","title":{"rendered":"preguntas frecuentes"},"content":{"rendered":"<h2 class=\"wp-block-heading\" style=\"text-align:center\"> Eche un vistazo a nuestras preguntas frecuentes. Si su pregunta no figuraba en la lista o simplemente no fue respondida a su satisfacci\u00f3n, ll\u00e1menos al 631-255-9217 o env\u00edenos un correo electr\u00f3nico a bethscleaning@gmail.com <\/h2>\n\n\n\n<h3 class=\"wp-block-heading\"><strong>\u00bfC\u00f3mo debo pagar la limpieza de mi casa?<\/strong><\/h3>\n\n\n\n<p style=\"text-align:center\" class=\"has-background has-very-light-gray-background-color\">Puede pagar en efectivo, Paypal, Venmo, cheque o tarjeta de cr\u00e9dito. El pago se debe al momento del servicio. Si no tiene la intenci\u00f3n de estar en casa en el momento de su visita de servicio, puede optar por dejar efectivo o un cheque en el mostrador de la cocina la ma\u00f1ana de la limpieza de su casa. Si elige pagar con tarjeta de cr\u00e9dito, guardaremos la informaci\u00f3n de su tarjeta de cr\u00e9dito en los archivos de la oficina y le cobraremos una vez que se complete la limpieza de cada casa. Se aplicar\u00e1 un cargo por todos los cheques devueltos.<\/p>\n\n\n\n<h3 class=\"wp-block-heading\"><strong>\u00bfNecesito estar en casa?<\/strong><\/h3>\n\n\n\n<p style=\"text-align:center\" class=\"has-background has-very-light-gray-background-color\">Depende completamente de usted. La mayor\u00eda de los clientes no est\u00e1n en casa. Podemos organizar un horario que mejor se adapte a su ajetreada vida.<\/p>\n\n\n\n<h3 class=\"wp-block-heading\"><strong>\u00bfNecesito proporcionar suministros?<\/strong><\/h3>\n\n\n\n<p style=\"text-align:center\" class=\"has-background has-very-light-gray-background-color\">No, traemos nuestros propios suministros ecol\u00f3gicos.<\/p>\n\n\n\n<h3 class=\"wp-block-heading\"><strong>\u00bfSe requiere propina?<\/strong><\/h3>\n\n\n\n<p style=\"text-align:center\" class=\"has-background has-very-light-gray-background-color\">Absolutamente no. Si te sientes obligado, es completamente tu elecci\u00f3n.<\/p>\n\n\n\n<h3 class=\"wp-block-heading\"><strong>\u00bfEst\u00e1n seguros mis objetos de valor con el servicio de limpieza de Beth?<\/strong><\/h3>\n\n\n\n<p style=\"text-align:center\" class=\"has-background has-very-light-gray-background-color\">Si tiene objetos de valor especiales, reliquias u objetos irremplazables, gu\u00e1rdelos o ind\u00edquenos que no los toquemos. Una puerta o caj\u00f3n cerrado es su se\u00f1al para nosotros de que no desea que nuestras criadas limpien esa \u00e1rea. El servicio de limpieza de Beth tiene todos los seguros necesarios en caso de que ocurra alg\u00fan da\u00f1o.<br><\/p>\n\n\n\n<h3 class=\"wp-block-heading\"><strong>\u00bfQu\u00e9 debo hacer con respecto a mi sistema de seguridad \/ alarma el d\u00eda de la limpieza de la casa?<\/strong><\/h3>\n\n\n\n<p style=\"text-align:center\" class=\"has-background has-very-light-gray-background-color\">Si tiene un sistema de seguridad, haga los arreglos necesarios para darle a su limpiador acceso a su hogar en su d\u00eda programado. Algunos clientes establecen un c\u00f3digo de invitado o temporal para el servicio de limpieza de Beth.<\/p>\n\n\n\n<h3 class=\"wp-block-heading\"><strong>\u00bfCu\u00e1l es su pol\u00edtica de reprogramaci\u00f3n y cancelaci\u00f3n?<\/strong><\/h3>\n\n\n\n<p style=\"text-align:center\" class=\"has-background has-very-light-gray-background-color\">Por favor avise con al menos 24-48 horas de anticipaci\u00f3n. <br><\/p>\n\n\n\n<p><\/p>\n\n\n\n<div class=\"wp-block-image\"><figure class=\"aligncenter is-resized\"><img loading=\"lazy\" decoding=\"async\" src=\"https:\/\/bethscleaningservice.com\/wp-content\/uploads\/2019\/10\/Bethlogo-300x300.png\" alt=\"LOGO\" class=\"wp-image-164\" width=\"300\" height=\"300\" srcset=\"https:\/\/bethscleaningservice.com\/wp-content\/uploads\/2019\/10\/Bethlogo-300x300.png 300w, https:\/\/bethscleaningservice.com\/wp-content\/uploads\/2019\/10\/Bethlogo-768x768.png 768w, https:\/\/bethscleaningservice.com\/wp-content\/uploads\/2019\/10\/Bethlogo-100x100.png 100w, https:\/\/bethscleaningservice.com\/wp-content\/uploads\/2019\/10\/Bethlogo.png 960w\" sizes=\"auto, (max-width: 300px) 100vw, 300px\" \/><\/figure><\/div>\n\n\n\n<h4 class=\"wp-block-heading\" style=\"text-align:center\"><br><strong>\u00a1Programe su presupuesto gratis en casa hoy!<\/strong><br><\/h4>\n\n\n\n<p><br><\/p>\n\n\n\n<p><br><\/p>\n\n\n\n<p><br><\/p>\n\n\n\n<p><br><\/p>","protected":false},"excerpt":{"rendered":"<p>Take a look at our frequently asked questions. If your question wasn\u2019t listed or simply wasn\u2019t answered to your satisfaction, give us a call at 631-255-9217 or email us at bethscleaning@gmail.com How Shall I Pay for My House Cleaning? You may pay by cash, Paypal, Venmo, check or credit card. Payment is due at time &hellip; <\/p>\n<p class=\"link-more\"><a href=\"https:\/\/bethscleaningservice.com\/es\/faqs\/\" class=\"more-link\">Continuar leyendo<span class=\"screen-reader-text\"> &#8220;FAQS&#8221;<\/span><\/a><\/p>","protected":false},"author":2,"featured_media":0,"parent":0,"menu_order":0,"comment_status":"closed","ping_status":"closed","template":"","meta":{"om_disable_all_campaigns":false,"_monsterinsights_skip_tracking":false,"_monsterinsights_sitenote_active":false,"_monsterinsights_sitenote_note":"","_monsterinsights_sitenote_category":0,"footnotes":""},"class_list":["post-20","page","type-page","status-publish","hentry"],"yoast_head":"<!-- This site is optimized with the Yoast SEO plugin v26.9 - https:\/\/yoast.com\/product\/yoast-seo-wordpress\/ -->\n<title>Beths Cleaning Service, Consumer Faqs Answered<\/title>\n<meta name=\"description\" content=\"Beths cleaning Service servicing Nassau and Suffolk County, Long Island, New York, 10 years in business, professional uniformed workers\" \/>\n<meta name=\"robots\" content=\"index, follow, max-snippet:-1, max-image-preview:large, max-video-preview:-1\" \/>\n<link rel=\"canonical\" href=\"https:\/\/bethscleaningservice.com\/es\/faqs\/\" \/>\n<meta property=\"og:locale\" content=\"es_ES\" \/>\n<meta property=\"og:type\" content=\"article\" \/>\n<meta property=\"og:title\" content=\"Beths Cleaning Service, Consumer Faqs Answered\" \/>\n<meta property=\"og:description\" content=\"Beths cleaning Service servicing Nassau and Suffolk County, Long Island, New York, 10 years in business, professional uniformed workers\" \/>\n<meta property=\"og:url\" content=\"https:\/\/bethscleaningservice.com\/es\/faqs\/\" \/>\n<meta property=\"og:site_name\" content=\"Beth&#039;s cleaning service\" \/>\n<meta property=\"article:modified_time\" content=\"2019-10-07T18:55:05+00:00\" \/>\n<meta property=\"og:image\" content=\"https:\/\/bethscleaningservice.com\/wp-content\/uploads\/2019\/10\/Bethlogo-300x300.png\" \/>\n<meta name=\"twitter:card\" content=\"summary_large_image\" \/>\n<meta name=\"twitter:label1\" content=\"Tiempo de lectura\" \/>\n\t<meta name=\"twitter:data1\" content=\"2 minutos\" \/>\n<script type=\"application\/ld+json\" class=\"yoast-schema-graph\">{\"@context\":\"https:\/\/schema.org\",\"@graph\":[{\"@type\":\"WebPage\",\"@id\":\"https:\/\/bethscleaningservice.com\/es\/faqs\/\",\"url\":\"https:\/\/bethscleaningservice.com\/es\/faqs\/\",\"name\":\"Beths Cleaning Service, Consumer Faqs Answered\",\"isPartOf\":{\"@id\":\"https:\/\/bethscleaningservice.com\/#website\"},\"primaryImageOfPage\":{\"@id\":\"https:\/\/bethscleaningservice.com\/es\/faqs\/#primaryimage\"},\"image\":{\"@id\":\"https:\/\/bethscleaningservice.com\/es\/faqs\/#primaryimage\"},\"thumbnailUrl\":\"https:\/\/bethscleaningservice.com\/wp-content\/uploads\/2019\/10\/Bethlogo-300x300.png\",\"datePublished\":\"2019-09-11T20:33:34+00:00\",\"dateModified\":\"2019-10-07T18:55:05+00:00\",\"description\":\"Beths cleaning Service servicing Nassau and Suffolk County, Long Island, New York, 10 years in business, professional uniformed workers\",\"breadcrumb\":{\"@id\":\"https:\/\/bethscleaningservice.com\/es\/faqs\/#breadcrumb\"},\"inLanguage\":\"es\",\"potentialAction\":[{\"@type\":\"ReadAction\",\"target\":[\"https:\/\/bethscleaningservice.com\/es\/faqs\/\"]}]},{\"@type\":\"ImageObject\",\"inLanguage\":\"es\",\"@id\":\"https:\/\/bethscleaningservice.com\/es\/faqs\/#primaryimage\",\"url\":\"https:\/\/bethscleaningservice.com\/wp-content\/uploads\/2019\/10\/Bethlogo-300x300.png\",\"contentUrl\":\"https:\/\/bethscleaningservice.com\/wp-content\/uploads\/2019\/10\/Bethlogo-300x300.png\"},{\"@type\":\"BreadcrumbList\",\"@id\":\"https:\/\/bethscleaningservice.com\/es\/faqs\/#breadcrumb\",\"itemListElement\":[{\"@type\":\"ListItem\",\"position\":1,\"name\":\"Home\",\"item\":\"https:\/\/bethscleaningservice.com\/\"},{\"@type\":\"ListItem\",\"position\":2,\"name\":\"FAQS\"}]},{\"@type\":\"WebSite\",\"@id\":\"https:\/\/bethscleaningservice.com\/#website\",\"url\":\"https:\/\/bethscleaningservice.com\/\",\"name\":\"Beth&#039;s cleaning service\",\"description\":\"Residential and Commercial Cleaning \",\"potentialAction\":[{\"@type\":\"SearchAction\",\"target\":{\"@type\":\"EntryPoint\",\"urlTemplate\":\"https:\/\/bethscleaningservice.com\/?s={search_term_string}\"},\"query-input\":{\"@type\":\"PropertyValueSpecification\",\"valueRequired\":true,\"valueName\":\"search_term_string\"}}],\"inLanguage\":\"es\"}]}<\/script>\n<!-- \/ Yoast SEO plugin. -->","yoast_head_json":{"title":"Beths Cleaning Service, Consumer Faqs Answered","description":"Beths cleaning Service servicing Nassau and Suffolk County, Long Island, New York, 10 years in business, professional uniformed workers","robots":{"index":"index","follow":"follow","max-snippet":"max-snippet:-1","max-image-preview":"max-image-preview:large","max-video-preview":"max-video-preview:-1"},"canonical":"https:\/\/bethscleaningservice.com\/es\/faqs\/","og_locale":"es_ES","og_type":"article","og_title":"Beths Cleaning Service, Consumer Faqs Answered","og_description":"Beths cleaning Service servicing Nassau and Suffolk County, Long Island, New York, 10 years in business, professional uniformed workers","og_url":"https:\/\/bethscleaningservice.com\/es\/faqs\/","og_site_name":"Beth&#039;s cleaning service","article_modified_time":"2019-10-07T18:55:05+00:00","og_image":[{"url":"https:\/\/bethscleaningservice.com\/wp-content\/uploads\/2019\/10\/Bethlogo-300x300.png","type":"","width":"","height":""}],"twitter_card":"summary_large_image","twitter_misc":{"Tiempo de lectura":"2 minutos"},"schema":{"@context":"https:\/\/schema.org","@graph":[{"@type":"WebPage","@id":"https:\/\/bethscleaningservice.com\/es\/faqs\/","url":"https:\/\/bethscleaningservice.com\/es\/faqs\/","name":"Beths Cleaning Service, Consumer Faqs Answered","isPartOf":{"@id":"https:\/\/bethscleaningservice.com\/#website"},"primaryImageOfPage":{"@id":"https:\/\/bethscleaningservice.com\/es\/faqs\/#primaryimage"},"image":{"@id":"https:\/\/bethscleaningservice.com\/es\/faqs\/#primaryimage"},"thumbnailUrl":"https:\/\/bethscleaningservice.com\/wp-content\/uploads\/2019\/10\/Bethlogo-300x300.png","datePublished":"2019-09-11T20:33:34+00:00","dateModified":"2019-10-07T18:55:05+00:00","description":"Beths cleaning Service servicing Nassau and Suffolk County, Long Island, New York, 10 years in business, professional uniformed workers","breadcrumb":{"@id":"https:\/\/bethscleaningservice.com\/es\/faqs\/#breadcrumb"},"inLanguage":"es","potentialAction":[{"@type":"ReadAction","target":["https:\/\/bethscleaningservice.com\/es\/faqs\/"]}]},{"@type":"ImageObject","inLanguage":"es","@id":"https:\/\/bethscleaningservice.com\/es\/faqs\/#primaryimage","url":"https:\/\/bethscleaningservice.com\/wp-content\/uploads\/2019\/10\/Bethlogo-300x300.png","contentUrl":"https:\/\/bethscleaningservice.com\/wp-content\/uploads\/2019\/10\/Bethlogo-300x300.png"},{"@type":"BreadcrumbList","@id":"https:\/\/bethscleaningservice.com\/es\/faqs\/#breadcrumb","itemListElement":[{"@type":"ListItem","position":1,"name":"Home","item":"https:\/\/bethscleaningservice.com\/"},{"@type":"ListItem","position":2,"name":"FAQS"}]},{"@type":"WebSite","@id":"https:\/\/bethscleaningservice.com\/#website","url":"https:\/\/bethscleaningservice.com\/","name":"Beth&#039;s cleaning service","description":"Residential and Commercial Cleaning ","potentialAction":[{"@type":"SearchAction","target":{"@type":"EntryPoint","urlTemplate":"https:\/\/bethscleaningservice.com\/?s={search_term_string}"},"query-input":{"@type":"PropertyValueSpecification","valueRequired":true,"valueName":"search_term_string"}}],"inLanguage":"es"}]}},"jetpack_sharing_enabled":true,"_links":{"self":[{"href":"https:\/\/bethscleaningservice.com\/es\/wp-json\/wp\/v2\/pages\/20","targetHints":{"allow":["GET"]}}],"collection":[{"href":"https:\/\/bethscleaningservice.com\/es\/wp-json\/wp\/v2\/pages"}],"about":[{"href":"https:\/\/bethscleaningservice.com\/es\/wp-json\/wp\/v2\/types\/page"}],"author":[{"embeddable":true,"href":"https:\/\/bethscleaningservice.com\/es\/wp-json\/wp\/v2\/users\/2"}],"replies":[{"embeddable":true,"href":"https:\/\/bethscleaningservice.com\/es\/wp-json\/wp\/v2\/comments?post=20"}],"version-history":[{"count":6,"href":"https:\/\/bethscleaningservice.com\/es\/wp-json\/wp\/v2\/pages\/20\/revisions"}],"predecessor-version":[{"id":169,"href":"https:\/\/bethscleaningservice.com\/es\/wp-json\/wp\/v2\/pages\/20\/revisions\/169"}],"wp:attachment":[{"href":"https:\/\/bethscleaningservice.com\/es\/wp-json\/wp\/v2\/media?parent=20"}],"curies":[{"name":"wp","href":"https:\/\/api.w.org\/{rel}","templated":true}]}}