{"id":4,"date":"2019-09-08T18:51:21","date_gmt":"2019-09-08T18:51:21","guid":{"rendered":"https:\/\/bethscleaningservice.com\/home\/"},"modified":"2019-10-12T18:18:02","modified_gmt":"2019-10-12T18:18:02","slug":"home","status":"publish","type":"page","link":"https:\/\/bethscleaningservice.com\/es\/","title":{"rendered":"Sobre nosotros"},"content":{"rendered":"<div class=\"wp-block-image\"><figure class=\"aligncenter is-resized\"><img loading=\"lazy\" decoding=\"async\" src=\"https:\/\/bethscleaningservice.com\/wp-content\/uploads\/2019\/10\/Bethlogo.png\" alt=\"LOGO\" class=\"wp-image-164\" width=\"505\" height=\"505\" srcset=\"https:\/\/bethscleaningservice.com\/wp-content\/uploads\/2019\/10\/Bethlogo.png 960w, https:\/\/bethscleaningservice.com\/wp-content\/uploads\/2019\/10\/Bethlogo-300x300.png 300w, https:\/\/bethscleaningservice.com\/wp-content\/uploads\/2019\/10\/Bethlogo-768x768.png 768w, https:\/\/bethscleaningservice.com\/wp-content\/uploads\/2019\/10\/Bethlogo-100x100.png 100w\" sizes=\"auto, (max-width: 505px) 100vw, 505px\" \/><\/figure><\/div>\n\n\n\n<p><\/p>\n\n\n<h1 style=\"text-align: center;\">El servicio de limpieza de Beth te conectar\u00e1 con una de las mejores <span style=\"color: #333333;\">casa<\/span> Servicios de limpieza profesionales para ayudarlo a eliminar el estr\u00e9s de su vida. Somos experimentados, confiables, convenientes y flexibles.<\/h1>\n<div id=\"metaslider-id-106\" style=\"width: 100%;\" class=\"ml-slider-3-99-0 metaslider metaslider-flex metaslider-106 ml-slider ms-theme-precognition has-dots-nav\" role=\"region\" aria-label=\"New Slideshow\" data-width=\"700\">\n    <div id=\"metaslider_container_106\">\n        <div id=\"metaslider_106\">\n            <ul class='slides'>\n                <li style=\"display: block; width: 100%;\" class=\"slide-108 ms-image\" aria-roledescription=\"slide\" data-date=\"2019-09-15 23:06:12\"><img loading=\"lazy\" decoding=\"async\" src=\"https:\/\/bethscleaningservice.com\/wp-content\/uploads\/2019\/09\/facebook_1567968300923-1-1-700x400.jpg\" height=\"400\" width=\"700\" alt=\"Beths cleaning service\" class=\"slider-106 slide-108 msDefaultImage\" title=\"sala\" \/><\/li>\n                <li style=\"display: none; width: 100%;\" class=\"slide-116 ms-image\" aria-roledescription=\"slide\" data-date=\"2019-09-15 23:09:52\"><img loading=\"lazy\" decoding=\"async\" src=\"https:\/\/bethscleaningservice.com\/wp-content\/uploads\/2019\/09\/bcs1-700x400.jpg\" height=\"400\" width=\"700\" alt=\"Beths cleaning service\" class=\"slider-106 slide-116 msDefaultImage\" title=\"habitaci\u00f3n\" \/><\/li>\n                <li style=\"display: none; width: 100%;\" class=\"slide-114 ms-image\" aria-roledescription=\"slide\" data-date=\"2019-09-15 23:09:49\"><img loading=\"lazy\" decoding=\"async\" src=\"https:\/\/bethscleaningservice.com\/wp-content\/uploads\/2019\/09\/bcs2-700x400.jpg\" height=\"400\" width=\"700\" alt=\"Beths cleaning service\" class=\"slider-106 slide-114 msDefaultImage\" title=\"pasillo\" \/><\/li>\n                <li style=\"display: none; width: 100%;\" class=\"slide-115 ms-image\" aria-roledescription=\"slide\" data-date=\"2019-09-15 23:09:51\"><img loading=\"lazy\" decoding=\"async\" src=\"https:\/\/bethscleaningservice.com\/wp-content\/uploads\/2019\/09\/bcs3-700x400.jpg\" height=\"400\" width=\"700\" alt=\"Beths cleaning service\" class=\"slider-106 slide-115 msDefaultImage\" title=\"cocina\" \/><\/li>\n                <li style=\"display: none; width: 100%;\" class=\"slide-109 ms-image\" aria-roledescription=\"slide\" data-date=\"2019-09-15 23:07:32\"><img loading=\"lazy\" decoding=\"async\" src=\"https:\/\/bethscleaningservice.com\/wp-content\/uploads\/2019\/09\/facebook_1567968398722-1-700x400.jpg\" height=\"400\" width=\"700\" alt=\"Beths cleaning service\" class=\"slider-106 slide-109 msDefaultImage\" title=\"ba\u00f1o\" \/><\/li>\n            <\/ul><ol class='flex-control-nav titleNav-106'><li><a href='#'>sala<\/a><\/li><li><a href='#'>habitaci\u00f3n<\/a><\/li><li><a href='#'>pasillo<\/a><\/li><li><a href='#'>cocina<\/a><\/li><li><a href='#'>ba\u00f1o<\/a><\/li><\/ol>\n        <\/div>\n        \n    <\/div>\n<\/div>\n<h2 style=\"text-align: center;\"><span style=\"color: #000000;\"><strong>Experimentado<\/strong><\/span>&nbsp; Somos el nombre m\u00e1s confiable en limpieza de casas durante los \u00faltimos 15 a\u00f1os. Recibir\u00e1 un limpiador que es minucioso y profesional, con gran atenci\u00f3n al detalle.<\/h2>\n<p><\/p>\n<h2 style=\"text-align: center;\"><span style=\"color: #0000ff;\"><span style=\"color: #000000;\"><strong>de confianza&nbsp; &nbsp; &nbsp;<\/strong><\/span><\/span><span style=\"color: #333333;\">Cuando programa un limpiador a trav\u00e9s del Servicio de limpieza de Beth para que llegue a su hogar, puede estar seguro de que alguien estar\u00e1 en su hogar listo para ir a la hora especificada. \u00a1Lo ayudar\u00e1n a devolver su hogar o negocio a la condici\u00f3n como nueva que recuerda cuando se mud\u00f3 por primera vez!<\/span><\/h2>\n<h2 style=\"text-align: center;\"><span style=\"color: #000000;\"><strong>Conveniente&nbsp;&nbsp;<\/strong><span style=\"color: #333333;\">Los beneficios m\u00e1s importantes de los servicios de limpieza del hogar son el tiempo extra que puede pasar con familiares y amigos. Cuando contrata un servicio de limpieza, tambi\u00e9n le permite crear un cronograma de servicios cuando sea m\u00e1s beneficioso para usted y su familia. El servicio de limpieza de Beth entiende que tiene una vida ocupada y haremos todo lo posible para adaptarnos a su horario en consecuencia.&nbsp;<\/span><\/span><\/h2>\n<h2 style=\"text-align: center;\"><span style=\"color: #000000;\"><strong>Flexible&nbsp; <\/strong><span style=\"color: #808080;\"><span style=\"color: #333333;\">Ofrecemos servicio semanal y quincenal. <\/span><\/span><span style=\"color: #333333;\">\u00a1Tambi\u00e9n tenemos limpiadores disponibles para usted los s\u00e1bados! <\/span><\/span><span style=\"color: #333333;\">Ya sea que est\u00e9 buscando un servicio regular de limpieza dom\u00e9stica, un servicio de limpieza tradicional de primavera o una limpieza profunda en cualquier \u00e9poca del a\u00f1o, tenemos la flexibilidad y las soluciones para satisfacer sus necesidades.<\/span><\/h2>\n\n\n<pre style=\"text-align:center\" class=\"wp-block-verse\">LICENCIADO ASEGURADO VINCULADO<\/pre>\n\n\n\n<p><\/p>","protected":false},"excerpt":{"rendered":"<p>Beth&#8217;s Cleaning Service will connect you with a top-rated home cleaning services professional to help you take the stress out of your life. We are Experienced, Reliable, Convenient, and Flexible. Experienced&nbsp; We are the most reliable name in house cleaning for the past 15 years. You will receive a cleaner who is thorough and professional, &hellip; <\/p>\n<p class=\"link-more\"><a href=\"https:\/\/bethscleaningservice.com\/es\/\" class=\"more-link\">Continuar leyendo<span class=\"screen-reader-text\"> &#8220;ABOUT US&#8221;<\/span><\/a><\/p>","protected":false},"author":2,"featured_media":0,"parent":0,"menu_order":0,"comment_status":"closed","ping_status":"closed","template":"","meta":{"om_disable_all_campaigns":false,"_monsterinsights_skip_tracking":false,"_monsterinsights_sitenote_active":false,"_monsterinsights_sitenote_note":"","_monsterinsights_sitenote_category":0,"footnotes":""},"class_list":["post-4","page","type-page","status-publish","hentry"],"yoast_head":"<!-- This site is optimized with the Yoast SEO plugin v26.9 - https:\/\/yoast.com\/product\/yoast-seo-wordpress\/ -->\n<title>Beths Cleaning Service - Residential and Commercial Cleaning<\/title>\n<meta name=\"description\" content=\"Beth&#039;s cleaning service Residential and Commercial Cleaning Beth&#039;s Cleaning service offers professional servicing nassau and suffolk county Long Island\" \/>\n<meta name=\"robots\" content=\"index, follow, max-snippet:-1, max-image-preview:large, max-video-preview:-1\" \/>\n<link rel=\"canonical\" href=\"https:\/\/bethscleaningservice.com\/es\/\" \/>\n<meta property=\"og:locale\" content=\"es_ES\" \/>\n<meta property=\"og:type\" content=\"article\" \/>\n<meta property=\"og:title\" content=\"Beths Cleaning Service - Residential and Commercial Cleaning\" \/>\n<meta property=\"og:description\" content=\"Beth&#039;s cleaning service Residential and Commercial Cleaning Beth&#039;s Cleaning service offers professional servicing nassau and suffolk county Long Island\" \/>\n<meta property=\"og:url\" content=\"https:\/\/bethscleaningservice.com\/es\/\" \/>\n<meta property=\"og:site_name\" content=\"Beth&#039;s cleaning service\" \/>\n<meta property=\"article:modified_time\" content=\"2019-10-12T18:18:02+00:00\" \/>\n<meta property=\"og:image\" content=\"https:\/\/bethscleaningservice.com\/wp-content\/uploads\/2019\/10\/Bethlogo.png\" \/>\n<meta name=\"twitter:card\" content=\"summary_large_image\" \/>\n<meta name=\"twitter:label1\" content=\"Tiempo de lectura\" \/>\n\t<meta name=\"twitter:data1\" content=\"1 minuto\" \/>\n<script type=\"application\/ld+json\" class=\"yoast-schema-graph\">{\"@context\":\"https:\/\/schema.org\",\"@graph\":[{\"@type\":\"WebPage\",\"@id\":\"https:\/\/bethscleaningservice.com\/\",\"url\":\"https:\/\/bethscleaningservice.com\/\",\"name\":\"Beths Cleaning Service - Residential and Commercial Cleaning\",\"isPartOf\":{\"@id\":\"https:\/\/bethscleaningservice.com\/#website\"},\"primaryImageOfPage\":{\"@id\":\"https:\/\/bethscleaningservice.com\/#primaryimage\"},\"image\":{\"@id\":\"https:\/\/bethscleaningservice.com\/#primaryimage\"},\"thumbnailUrl\":\"https:\/\/bethscleaningservice.com\/wp-content\/uploads\/2019\/10\/Bethlogo.png\",\"datePublished\":\"2019-09-08T18:51:21+00:00\",\"dateModified\":\"2019-10-12T18:18:02+00:00\",\"description\":\"Beth&#039;s cleaning service Residential and Commercial Cleaning Beth's Cleaning service offers professional servicing nassau and suffolk county Long Island\",\"breadcrumb\":{\"@id\":\"https:\/\/bethscleaningservice.com\/#breadcrumb\"},\"inLanguage\":\"es\",\"potentialAction\":[{\"@type\":\"ReadAction\",\"target\":[\"https:\/\/bethscleaningservice.com\/\"]}]},{\"@type\":\"ImageObject\",\"inLanguage\":\"es\",\"@id\":\"https:\/\/bethscleaningservice.com\/#primaryimage\",\"url\":\"https:\/\/bethscleaningservice.com\/wp-content\/uploads\/2019\/10\/Bethlogo.png\",\"contentUrl\":\"https:\/\/bethscleaningservice.com\/wp-content\/uploads\/2019\/10\/Bethlogo.png\"},{\"@type\":\"BreadcrumbList\",\"@id\":\"https:\/\/bethscleaningservice.com\/#breadcrumb\",\"itemListElement\":[{\"@type\":\"ListItem\",\"position\":1,\"name\":\"Home\",\"item\":\"https:\/\/bethscleaningservice.com\/\"},{\"@type\":\"ListItem\",\"position\":2,\"name\":\"ABOUT US\"}]},{\"@type\":\"WebSite\",\"@id\":\"https:\/\/bethscleaningservice.com\/#website\",\"url\":\"https:\/\/bethscleaningservice.com\/\",\"name\":\"Beth&#039;s cleaning service\",\"description\":\"Residential and Commercial Cleaning \",\"potentialAction\":[{\"@type\":\"SearchAction\",\"target\":{\"@type\":\"EntryPoint\",\"urlTemplate\":\"https:\/\/bethscleaningservice.com\/?s={search_term_string}\"},\"query-input\":{\"@type\":\"PropertyValueSpecification\",\"valueRequired\":true,\"valueName\":\"search_term_string\"}}],\"inLanguage\":\"es\"}]}<\/script>\n<!-- \/ Yoast SEO plugin. -->","yoast_head_json":{"title":"Beths Cleaning Service - Residential and Commercial Cleaning","description":"Beth&#039;s cleaning service Residential and Commercial Cleaning Beth's Cleaning service offers professional servicing nassau and suffolk county Long Island","robots":{"index":"index","follow":"follow","max-snippet":"max-snippet:-1","max-image-preview":"max-image-preview:large","max-video-preview":"max-video-preview:-1"},"canonical":"https:\/\/bethscleaningservice.com\/es\/","og_locale":"es_ES","og_type":"article","og_title":"Beths Cleaning Service - Residential and Commercial Cleaning","og_description":"Beth&#039;s cleaning service Residential and Commercial Cleaning Beth's Cleaning service offers professional servicing nassau and suffolk county Long Island","og_url":"https:\/\/bethscleaningservice.com\/es\/","og_site_name":"Beth&#039;s cleaning service","article_modified_time":"2019-10-12T18:18:02+00:00","og_image":[{"url":"https:\/\/bethscleaningservice.com\/wp-content\/uploads\/2019\/10\/Bethlogo.png","type":"","width":"","height":""}],"twitter_card":"summary_large_image","twitter_misc":{"Tiempo de lectura":"1 minuto"},"schema":{"@context":"https:\/\/schema.org","@graph":[{"@type":"WebPage","@id":"https:\/\/bethscleaningservice.com\/","url":"https:\/\/bethscleaningservice.com\/","name":"Beths Cleaning Service - Residential and Commercial Cleaning","isPartOf":{"@id":"https:\/\/bethscleaningservice.com\/#website"},"primaryImageOfPage":{"@id":"https:\/\/bethscleaningservice.com\/#primaryimage"},"image":{"@id":"https:\/\/bethscleaningservice.com\/#primaryimage"},"thumbnailUrl":"https:\/\/bethscleaningservice.com\/wp-content\/uploads\/2019\/10\/Bethlogo.png","datePublished":"2019-09-08T18:51:21+00:00","dateModified":"2019-10-12T18:18:02+00:00","description":"Beth&#039;s cleaning service Residential and Commercial Cleaning Beth's Cleaning service offers professional servicing nassau and suffolk county Long Island","breadcrumb":{"@id":"https:\/\/bethscleaningservice.com\/#breadcrumb"},"inLanguage":"es","potentialAction":[{"@type":"ReadAction","target":["https:\/\/bethscleaningservice.com\/"]}]},{"@type":"ImageObject","inLanguage":"es","@id":"https:\/\/bethscleaningservice.com\/#primaryimage","url":"https:\/\/bethscleaningservice.com\/wp-content\/uploads\/2019\/10\/Bethlogo.png","contentUrl":"https:\/\/bethscleaningservice.com\/wp-content\/uploads\/2019\/10\/Bethlogo.png"},{"@type":"BreadcrumbList","@id":"https:\/\/bethscleaningservice.com\/#breadcrumb","itemListElement":[{"@type":"ListItem","position":1,"name":"Home","item":"https:\/\/bethscleaningservice.com\/"},{"@type":"ListItem","position":2,"name":"ABOUT US"}]},{"@type":"WebSite","@id":"https:\/\/bethscleaningservice.com\/#website","url":"https:\/\/bethscleaningservice.com\/","name":"Beth&#039;s cleaning service","description":"Residential and Commercial Cleaning ","potentialAction":[{"@type":"SearchAction","target":{"@type":"EntryPoint","urlTemplate":"https:\/\/bethscleaningservice.com\/?s={search_term_string}"},"query-input":{"@type":"PropertyValueSpecification","valueRequired":true,"valueName":"search_term_string"}}],"inLanguage":"es"}]}},"jetpack_sharing_enabled":true,"_links":{"self":[{"href":"https:\/\/bethscleaningservice.com\/es\/wp-json\/wp\/v2\/pages\/4","targetHints":{"allow":["GET"]}}],"collection":[{"href":"https:\/\/bethscleaningservice.com\/es\/wp-json\/wp\/v2\/pages"}],"about":[{"href":"https:\/\/bethscleaningservice.com\/es\/wp-json\/wp\/v2\/types\/page"}],"author":[{"embeddable":true,"href":"https:\/\/bethscleaningservice.com\/es\/wp-json\/wp\/v2\/users\/2"}],"replies":[{"embeddable":true,"href":"https:\/\/bethscleaningservice.com\/es\/wp-json\/wp\/v2\/comments?post=4"}],"version-history":[{"count":6,"href":"https:\/\/bethscleaningservice.com\/es\/wp-json\/wp\/v2\/pages\/4\/revisions"}],"predecessor-version":[{"id":180,"href":"https:\/\/bethscleaningservice.com\/es\/wp-json\/wp\/v2\/pages\/4\/revisions\/180"}],"wp:attachment":[{"href":"https:\/\/bethscleaningservice.com\/es\/wp-json\/wp\/v2\/media?parent=4"}],"curies":[{"name":"wp","href":"https:\/\/api.w.org\/{rel}","templated":true}]}}