{"id":6,"date":"2019-09-08T18:51:28","date_gmt":"2019-09-08T18:51:28","guid":{"rendered":"https:\/\/bethscleaningservice.com\/contact-us\/"},"modified":"2019-10-07T20:10:32","modified_gmt":"2019-10-07T20:10:32","slug":"contact-us","status":"publish","type":"page","link":"https:\/\/bethscleaningservice.com\/es\/contact-us\/","title":{"rendered":"Contact Us"},"content":{"rendered":"<h2 style=\"text-align: center;\"><em>Esperamos con inter\u00e9s escuchar de usted. No dude en ponerse en contacto con nosotros a trav\u00e9s de la informaci\u00f3n a continuaci\u00f3n, nos pondremos en contacto con usted lo antes posible.<\/em><\/h2>\n<h3>Servicio de limpieza de Beth<br \/>\nBayshore, Nueva York<br \/>\nbethscleaning@gmail.com<br \/>\n631-255-9217<\/h3>\n<p>Profesionales uniformados<\/p>\n<p>Satisfacci\u00f3n garantizada<\/p>\n<p>Orgullosamente atendiendo a los condados de Nassau y Suffolk por m\u00e1s de 15 a\u00f1os<\/p>\n<h4><strong>Horas de trabajo:<\/strong><\/h4>\n<p>LUNES A S\u00c1BADO 9 am-9pm<\/p>\n<p>CERRADO EL DOMINGO<\/p>\n<p><!-- The form below requires a jetpack connection to work--><\/p>","protected":false},"excerpt":{"rendered":"<p>We look forward to hearing from you. Please feel free to get in contact with us via the information below, we will get back to you as soon as possible. Beth&#8217;s Cleaning Service Bayshore, New York bethscleaning@gmail.com 631-255-9217 Uniformed Professionals Guaranteed satisfaction Proudly Servicing Nassau and Suffolk County for over 15 years Business Hours: MONDAY-SATURDAY &hellip; <\/p>\n<p class=\"link-more\"><a href=\"https:\/\/bethscleaningservice.com\/es\/contact-us\/\" class=\"more-link\">Continuar leyendo<span class=\"screen-reader-text\"> &#8220;Contact Us&#8221;<\/span><\/a><\/p>","protected":false},"author":2,"featured_media":0,"parent":0,"menu_order":0,"comment_status":"closed","ping_status":"closed","template":"","meta":{"om_disable_all_campaigns":false,"_monsterinsights_skip_tracking":false,"_monsterinsights_sitenote_active":false,"_monsterinsights_sitenote_note":"","_monsterinsights_sitenote_category":0,"footnotes":""},"class_list":["post-6","page","type-page","status-publish","hentry"],"yoast_head":"<!-- This site is optimized with the Yoast SEO plugin v26.9 - https:\/\/yoast.com\/product\/yoast-seo-wordpress\/ -->\n<title>Beth&#039;s Cleaning Service contact info Nassau and Suffolk County New York<\/title>\n<meta name=\"description\" content=\"Contact us to schedule in home estimate for cleaning services residential or commercial cleaning in nassau and suffolk county Long Island\" \/>\n<meta name=\"robots\" content=\"index, follow, max-snippet:-1, max-image-preview:large, max-video-preview:-1\" \/>\n<link rel=\"canonical\" href=\"https:\/\/bethscleaningservice.com\/es\/contact-us\/\" \/>\n<meta property=\"og:locale\" content=\"es_ES\" \/>\n<meta property=\"og:type\" content=\"article\" \/>\n<meta property=\"og:title\" content=\"Beth&#039;s Cleaning Service contact info Nassau and Suffolk County New York\" \/>\n<meta property=\"og:description\" content=\"Contact us to schedule in home estimate for cleaning services residential or commercial cleaning in nassau and suffolk county Long Island\" \/>\n<meta property=\"og:url\" content=\"https:\/\/bethscleaningservice.com\/es\/contact-us\/\" \/>\n<meta property=\"og:site_name\" content=\"Beth&#039;s cleaning service\" \/>\n<meta property=\"article:modified_time\" content=\"2019-10-07T20:10:32+00:00\" \/>\n<meta name=\"twitter:card\" content=\"summary_large_image\" \/>\n<script type=\"application\/ld+json\" class=\"yoast-schema-graph\">{\"@context\":\"https:\/\/schema.org\",\"@graph\":[{\"@type\":\"WebPage\",\"@id\":\"https:\/\/bethscleaningservice.com\/contact-us\/\",\"url\":\"https:\/\/bethscleaningservice.com\/contact-us\/\",\"name\":\"Beth's Cleaning Service contact info Nassau and Suffolk County New York\",\"isPartOf\":{\"@id\":\"https:\/\/bethscleaningservice.com\/#website\"},\"datePublished\":\"2019-09-08T18:51:28+00:00\",\"dateModified\":\"2019-10-07T20:10:32+00:00\",\"description\":\"Contact us to schedule in home estimate for cleaning services residential or commercial cleaning in nassau and suffolk county Long Island\",\"breadcrumb\":{\"@id\":\"https:\/\/bethscleaningservice.com\/contact-us\/#breadcrumb\"},\"inLanguage\":\"es\",\"potentialAction\":[{\"@type\":\"ReadAction\",\"target\":[\"https:\/\/bethscleaningservice.com\/contact-us\/\"]}]},{\"@type\":\"BreadcrumbList\",\"@id\":\"https:\/\/bethscleaningservice.com\/contact-us\/#breadcrumb\",\"itemListElement\":[{\"@type\":\"ListItem\",\"position\":1,\"name\":\"Home\",\"item\":\"https:\/\/bethscleaningservice.com\/\"},{\"@type\":\"ListItem\",\"position\":2,\"name\":\"Contact Us\"}]},{\"@type\":\"WebSite\",\"@id\":\"https:\/\/bethscleaningservice.com\/#website\",\"url\":\"https:\/\/bethscleaningservice.com\/\",\"name\":\"Beth&#039;s cleaning service\",\"description\":\"Residential and Commercial Cleaning \",\"potentialAction\":[{\"@type\":\"SearchAction\",\"target\":{\"@type\":\"EntryPoint\",\"urlTemplate\":\"https:\/\/bethscleaningservice.com\/?s={search_term_string}\"},\"query-input\":{\"@type\":\"PropertyValueSpecification\",\"valueRequired\":true,\"valueName\":\"search_term_string\"}}],\"inLanguage\":\"es\"}]}<\/script>\n<!-- \/ Yoast SEO plugin. -->","yoast_head_json":{"title":"Beth's Cleaning Service contact info Nassau and Suffolk County New York","description":"Contact us to schedule in home estimate for cleaning services residential or commercial cleaning in nassau and suffolk county Long Island","robots":{"index":"index","follow":"follow","max-snippet":"max-snippet:-1","max-image-preview":"max-image-preview:large","max-video-preview":"max-video-preview:-1"},"canonical":"https:\/\/bethscleaningservice.com\/es\/contact-us\/","og_locale":"es_ES","og_type":"article","og_title":"Beth's Cleaning Service contact info Nassau and Suffolk County New York","og_description":"Contact us to schedule in home estimate for cleaning services residential or commercial cleaning in nassau and suffolk county Long Island","og_url":"https:\/\/bethscleaningservice.com\/es\/contact-us\/","og_site_name":"Beth&#039;s cleaning service","article_modified_time":"2019-10-07T20:10:32+00:00","twitter_card":"summary_large_image","schema":{"@context":"https:\/\/schema.org","@graph":[{"@type":"WebPage","@id":"https:\/\/bethscleaningservice.com\/contact-us\/","url":"https:\/\/bethscleaningservice.com\/contact-us\/","name":"Beth's Cleaning Service contact info Nassau and Suffolk County New York","isPartOf":{"@id":"https:\/\/bethscleaningservice.com\/#website"},"datePublished":"2019-09-08T18:51:28+00:00","dateModified":"2019-10-07T20:10:32+00:00","description":"Contact us to schedule in home estimate for cleaning services residential or commercial cleaning in nassau and suffolk county Long Island","breadcrumb":{"@id":"https:\/\/bethscleaningservice.com\/contact-us\/#breadcrumb"},"inLanguage":"es","potentialAction":[{"@type":"ReadAction","target":["https:\/\/bethscleaningservice.com\/contact-us\/"]}]},{"@type":"BreadcrumbList","@id":"https:\/\/bethscleaningservice.com\/contact-us\/#breadcrumb","itemListElement":[{"@type":"ListItem","position":1,"name":"Home","item":"https:\/\/bethscleaningservice.com\/"},{"@type":"ListItem","position":2,"name":"Contact Us"}]},{"@type":"WebSite","@id":"https:\/\/bethscleaningservice.com\/#website","url":"https:\/\/bethscleaningservice.com\/","name":"Beth&#039;s cleaning service","description":"Residential and Commercial Cleaning ","potentialAction":[{"@type":"SearchAction","target":{"@type":"EntryPoint","urlTemplate":"https:\/\/bethscleaningservice.com\/?s={search_term_string}"},"query-input":{"@type":"PropertyValueSpecification","valueRequired":true,"valueName":"search_term_string"}}],"inLanguage":"es"}]}},"jetpack_sharing_enabled":true,"_links":{"self":[{"href":"https:\/\/bethscleaningservice.com\/es\/wp-json\/wp\/v2\/pages\/6","targetHints":{"allow":["GET"]}}],"collection":[{"href":"https:\/\/bethscleaningservice.com\/es\/wp-json\/wp\/v2\/pages"}],"about":[{"href":"https:\/\/bethscleaningservice.com\/es\/wp-json\/wp\/v2\/types\/page"}],"author":[{"embeddable":true,"href":"https:\/\/bethscleaningservice.com\/es\/wp-json\/wp\/v2\/users\/2"}],"replies":[{"embeddable":true,"href":"https:\/\/bethscleaningservice.com\/es\/wp-json\/wp\/v2\/comments?post=6"}],"version-history":[{"count":4,"href":"https:\/\/bethscleaningservice.com\/es\/wp-json\/wp\/v2\/pages\/6\/revisions"}],"predecessor-version":[{"id":163,"href":"https:\/\/bethscleaningservice.com\/es\/wp-json\/wp\/v2\/pages\/6\/revisions\/163"}],"wp:attachment":[{"href":"https:\/\/bethscleaningservice.com\/es\/wp-json\/wp\/v2\/media?parent=6"}],"curies":[{"name":"wp","href":"https:\/\/api.w.org\/{rel}","templated":true}]}}